{"id":181,"date":"2020-11-30T10:00:55","date_gmt":"2020-11-30T07:00:55","guid":{"rendered":"http:\/\/uzmanmakine.com.tr\/?page_id=181"},"modified":"2020-11-30T10:10:35","modified_gmt":"2020-11-30T07:10:35","slug":"turbo-nedir","status":"publish","type":"page","link":"https:\/\/uzmanmakine.com.tr\/index.php\/turbo-nedir","title":{"rendered":"Turbo nedir?"},"content":{"rendered":"\n<div class=\"wp-block-themeisle-blocks-advanced-columns has-2-columns has-desktop-oneTwo-layout has-tablet-equal-layout has-mobile-collapsedRows-layout has-default-gap has-vertical-unset\" id=\"wp-block-themeisle-blocks-advanced-columns-545f2692\"><div class=\"wp-block-themeisle-blocks-advanced-columns-overlay\"><\/div><div class=\"innerblocks-wrap\">\n<div class=\"wp-block-themeisle-blocks-advanced-column\" id=\"wp-block-themeisle-blocks-advanced-column-86ece7b9\">\n<p>Bilindi\u011fi \u00fczere motorlar atmosferdeki hava ile \u00e7al\u0131\u015f\u0131rlar. \u00c7al\u0131\u015fma prensipleri ise; d\u0131\u015far\u0131da ki hava, hava filtresinde s\u00fczd\u00fcr\u00fclerek temiz bir \u015fekilde motora verilir. Motordaki yanma odas\u0131nda yak\u0131tla kar\u0131\u015ft\u0131r\u0131larak yanma sa\u011flan\u0131r. Bir motorun g\u00fcc\u00fc, yanma h\u00fccrelerinde belli zaman aral\u0131\u011f\u0131nda t\u00fcketilen yak\u0131t ile do\u011fru orant\u0131l\u0131d\u0131r. Daha y\u00fcksek ve d\u00fczenli yanma i\u00e7in daha \u00e7ok oksijene ihtiya\u00e7 duyulur. G\u00fcn\u00fcm\u00fczde motor hacimleri sabit tutularak ayn\u0131 motordan daha fazla verim alabilmenin yolu, yanma h\u00fccrelerine turbo vas\u0131tas\u0131yla daha fazla hava s\u0131k\u0131\u015ft\u0131rabilmekle m\u00fcmk\u00fcn olmaktad\u0131r. Bu da pistonun patlama sonras\u0131nda daha fazla g\u00fc\u00e7le a\u015fa\u011f\u0131 itip inmesine, sonu\u00e7 ta art\u0131 tork \u00fcretilmesine olanak verir.<\/p>\n<\/div>\n\n\n\n<div class=\"wp-block-themeisle-blocks-advanced-column\" id=\"wp-block-themeisle-blocks-advanced-column-33789afd\">\n<figure class=\"wp-block-image size-full is-style-default\"><img decoding=\"async\" loading=\"lazy\" width=\"1500\" height=\"938\" src=\"http:\/\/uzmanmakine.com.tr\/wp-content\/uploads\/2020\/11\/uzman-turbo-slider-1-garret-turbo-holset-turbo-Borgwarner-turbo-turbolader-schwitzer-turbo-ihi-turbo-mitsubishi-turbo.jpg\" alt=\"\" class=\"wp-image-155\" srcset=\"https:\/\/uzmanmakine.com.tr\/wp-content\/uploads\/2020\/11\/uzman-turbo-slider-1-garret-turbo-holset-turbo-Borgwarner-turbo-turbolader-schwitzer-turbo-ihi-turbo-mitsubishi-turbo.jpg 1500w, https:\/\/uzmanmakine.com.tr\/wp-content\/uploads\/2020\/11\/uzman-turbo-slider-1-garret-turbo-holset-turbo-Borgwarner-turbo-turbolader-schwitzer-turbo-ihi-turbo-mitsubishi-turbo-300x188.jpg 300w, https:\/\/uzmanmakine.com.tr\/wp-content\/uploads\/2020\/11\/uzman-turbo-slider-1-garret-turbo-holset-turbo-Borgwarner-turbo-turbolader-schwitzer-turbo-ihi-turbo-mitsubishi-turbo-1024x640.jpg 1024w, https:\/\/uzmanmakine.com.tr\/wp-content\/uploads\/2020\/11\/uzman-turbo-slider-1-garret-turbo-holset-turbo-Borgwarner-turbo-turbolader-schwitzer-turbo-ihi-turbo-mitsubishi-turbo-768x480.jpg 768w\" sizes=\"(max-width: 1500px) 100vw, 1500px\" \/><\/figure>\n<\/div>\n<\/div><\/div>\n","protected":false},"excerpt":{"rendered":"","protected":false},"author":1,"featured_media":0,"parent":0,"menu_order":0,"comment_status":"closed","ping_status":"closed","template":"","meta":{"neve_meta_sidebar":"full-width","neve_meta_container":"","neve_meta_enable_content_width":"on","neve_meta_content_width":100,"neve_meta_title_alignment":"","neve_meta_author_avatar":"","neve_post_elements_order":"","neve_meta_disable_header":"","neve_meta_disable_footer":"","neve_meta_disable_title":"","_themeisle_gutenberg_block_has_review":false,"footnotes":""},"_links":{"self":[{"href":"https:\/\/uzmanmakine.com.tr\/index.php\/wp-json\/wp\/v2\/pages\/181"}],"collection":[{"href":"https:\/\/uzmanmakine.com.tr\/index.php\/wp-json\/wp\/v2\/pages"}],"about":[{"href":"https:\/\/uzmanmakine.com.tr\/index.php\/wp-json\/wp\/v2\/types\/page"}],"author":[{"embeddable":true,"href":"https:\/\/uzmanmakine.com.tr\/index.php\/wp-json\/wp\/v2\/users\/1"}],"replies":[{"embeddable":true,"href":"https:\/\/uzmanmakine.com.tr\/index.php\/wp-json\/wp\/v2\/comments?post=181"}],"version-history":[{"count":5,"href":"https:\/\/uzmanmakine.com.tr\/index.php\/wp-json\/wp\/v2\/pages\/181\/revisions"}],"predecessor-version":[{"id":191,"href":"https:\/\/uzmanmakine.com.tr\/index.php\/wp-json\/wp\/v2\/pages\/181\/revisions\/191"}],"wp:attachment":[{"href":"https:\/\/uzmanmakine.com.tr\/index.php\/wp-json\/wp\/v2\/media?parent=181"}],"curies":[{"name":"wp","href":"https:\/\/api.w.org\/{rel}","templated":true}]}}