{"id":61,"date":"2020-01-23T18:21:52","date_gmt":"2020-01-23T18:21:52","guid":{"rendered":"https:\/\/demosites.io\/web-agency-gb\/?page_id=61"},"modified":"2021-01-10T21:32:44","modified_gmt":"2021-01-10T18:32:44","slug":"d41d8-web-agency-gb-about-us","status":"publish","type":"page","link":"https:\/\/uzmanmakine.com.tr\/index.php\/d41d8-web-agency-gb-about-us","title":{"rendered":"Hakk\u0131m\u0131zda"},"content":{"rendered":"\n<div class=\"wp-block-themeisle-blocks-advanced-columns alignfull has-2-columns has-desktop-equal-layout has-tablet-equal-layout has-mobile-collapsedRows-layout has-nogap-gap has-vertical-center\" id=\"wp-block-themeisle-blocks-advanced-columns-00a8bc3d\"><div class=\"wp-block-themeisle-blocks-advanced-columns-overlay\"><\/div><div class=\"innerblocks-wrap\">\n<div class=\"wp-block-themeisle-blocks-advanced-column\" id=\"wp-block-themeisle-blocks-advanced-column-a940b3ff\">\n<figure class=\"wp-block-image size-large\"><img decoding=\"async\" loading=\"lazy\" width=\"1024\" height=\"576\" src=\"http:\/\/uzmanmakine.com.tr\/wp-content\/uploads\/2020\/07\/uzman-turbo-hakk\u0131m\u0131zda-garret-yedek-par\u00e7a-garret-yetkili-servis-holset-yetkili-servis-holset-yedek-par\u00e7a-2-1024x576.jpg\" alt=\"\" class=\"wp-image-126\" srcset=\"https:\/\/uzmanmakine.com.tr\/wp-content\/uploads\/2020\/07\/uzman-turbo-hakk\u0131m\u0131zda-garret-yedek-par\u00e7a-garret-yetkili-servis-holset-yetkili-servis-holset-yedek-par\u00e7a-2-1024x576.jpg 1024w, https:\/\/uzmanmakine.com.tr\/wp-content\/uploads\/2020\/07\/uzman-turbo-hakk\u0131m\u0131zda-garret-yedek-par\u00e7a-garret-yetkili-servis-holset-yetkili-servis-holset-yedek-par\u00e7a-2-300x169.jpg 300w, https:\/\/uzmanmakine.com.tr\/wp-content\/uploads\/2020\/07\/uzman-turbo-hakk\u0131m\u0131zda-garret-yedek-par\u00e7a-garret-yetkili-servis-holset-yetkili-servis-holset-yedek-par\u00e7a-2-768x432.jpg 768w, https:\/\/uzmanmakine.com.tr\/wp-content\/uploads\/2020\/07\/uzman-turbo-hakk\u0131m\u0131zda-garret-yedek-par\u00e7a-garret-yetkili-servis-holset-yetkili-servis-holset-yedek-par\u00e7a-2-1536x864.jpg 1536w, https:\/\/uzmanmakine.com.tr\/wp-content\/uploads\/2020\/07\/uzman-turbo-hakk\u0131m\u0131zda-garret-yedek-par\u00e7a-garret-yetkili-servis-holset-yetkili-servis-holset-yedek-par\u00e7a-2-2048x1152.jpg 2048w\" sizes=\"(max-width: 1024px) 100vw, 1024px\" \/><\/figure>\n<\/div>\n\n\n\n<div class=\"wp-block-themeisle-blocks-advanced-column ticss-44eccd86\" id=\"wp-block-themeisle-blocks-advanced-column-ae52a6c0\">\n<h2 class=\"wp-block-heading\">Biz kimiz?<\/h2>\n\n\n\n<p>UZMAN MAK\u0130NA, 1984 y\u0131l\u0131nda Remzi L\u00fcser ve orta\u011f\u0131 ile Pendik Sanayi Sitesinde turbo servisi olarak hizmet vermeye ba\u015flam\u0131\u015ft\u0131r. Murat L\u00fcser ve ekibi taraf\u0131ndan i\u015fletilen UZMAN MAK\u0130NA, binek ara\u00e7lardan hafif ve ticari ta\u015f\u0131tlar\u0131na, i\u015f makinelerinden deniz marin ve jenerat\u00f6r guruplar\u0131na kadar HOLSET, GARRETT, KKK, SCHWITZER, IHI, MITSUBISHI marka turbo ve turbo yedeklerinin sat\u0131\u015f\u0131 ve sat\u0131\u015f sonras\u0131 tamir-bak\u0131m hizmetlerini son teknoloji cihazlarla vermektedir.<\/p>\n\n\n\n<p><\/p>\n<\/div>\n<\/div><\/div>\n\n\n\n<div class=\"wp-block-themeisle-blocks-advanced-columns alignfull has-2-columns has-desktop-equal-layout has-tablet-equal-layout has-mobile-collapsedRows-layout has-nogap-gap has-vertical-center\" id=\"wp-block-themeisle-blocks-advanced-columns-19667836\"><div class=\"wp-block-themeisle-blocks-advanced-columns-overlay\"><\/div><div class=\"innerblocks-wrap\">\n<div class=\"wp-block-themeisle-blocks-advanced-column\" id=\"wp-block-themeisle-blocks-advanced-column-395faa6c\">\n<p class=\"has-white-color has-text-color\">Kuruldu\u011fu ilk g\u00fcnden itibaren servis hizmetlerinin kalitesini artt\u0131rmak amac\u0131yla, m\u00fc\u015fteri memnuniyetini \u00f6n planda tutmu\u015f ve zaman i\u00e7inde yapt\u0131\u011f\u0131 at\u0131l\u0131mlarla servis hizmetleri konusunda liderli\u011fe ula\u015farak turbo servisleri aras\u0131nda ilk s\u0131ralarda yer alan firmam\u0131z Siz de\u011ferli m\u00fc\u015fterilerimize en iyi kaliteyi ve g\u00fcveni sa\u011flamak i\u00e7in son teknoloji cihazlar\u0131 kullanmaktad\u0131r.<\/p>\n<\/div>\n\n\n\n<div class=\"wp-block-themeisle-blocks-advanced-column\" id=\"wp-block-themeisle-blocks-advanced-column-b0e6fcc9\">\n<figure class=\"wp-block-image size-large is-resized\"><img decoding=\"async\" loading=\"lazy\" src=\"http:\/\/uzmanmakine.com.tr\/wp-content\/uploads\/2020\/07\/resim1.jpg\" alt=\"\" class=\"wp-image-120\" width=\"586\" height=\"423\" srcset=\"https:\/\/uzmanmakine.com.tr\/wp-content\/uploads\/2020\/07\/resim1.jpg 398w, https:\/\/uzmanmakine.com.tr\/wp-content\/uploads\/2020\/07\/resim1-300x216.jpg 300w\" sizes=\"(max-width: 586px) 100vw, 586px\" \/><\/figure>\n<\/div>\n<\/div><\/div>\n\n\n\n<p><\/p>\n","protected":false},"excerpt":{"rendered":"","protected":false},"author":1,"featured_media":0,"parent":0,"menu_order":0,"comment_status":"closed","ping_status":"closed","template":"","meta":{"neve_meta_sidebar":"full-width","neve_meta_container":"","neve_meta_enable_content_width":"on","neve_meta_content_width":100,"neve_meta_title_alignment":"","neve_meta_author_avatar":"","neve_post_elements_order":"","neve_meta_disable_header":"","neve_meta_disable_footer":"","neve_meta_disable_title":"on","_themeisle_gutenberg_block_has_review":false,"footnotes":""},"_links":{"self":[{"href":"https:\/\/uzmanmakine.com.tr\/index.php\/wp-json\/wp\/v2\/pages\/61"}],"collection":[{"href":"https:\/\/uzmanmakine.com.tr\/index.php\/wp-json\/wp\/v2\/pages"}],"about":[{"href":"https:\/\/uzmanmakine.com.tr\/index.php\/wp-json\/wp\/v2\/types\/page"}],"author":[{"embeddable":true,"href":"https:\/\/uzmanmakine.com.tr\/index.php\/wp-json\/wp\/v2\/users\/1"}],"replies":[{"embeddable":true,"href":"https:\/\/uzmanmakine.com.tr\/index.php\/wp-json\/wp\/v2\/comments?post=61"}],"version-history":[{"count":5,"href":"https:\/\/uzmanmakine.com.tr\/index.php\/wp-json\/wp\/v2\/pages\/61\/revisions"}],"predecessor-version":[{"id":290,"href":"https:\/\/uzmanmakine.com.tr\/index.php\/wp-json\/wp\/v2\/pages\/61\/revisions\/290"}],"wp:attachment":[{"href":"https:\/\/uzmanmakine.com.tr\/index.php\/wp-json\/wp\/v2\/media?parent=61"}],"curies":[{"name":"wp","href":"https:\/\/api.w.org\/{rel}","templated":true}]}}