{"id":75,"date":"2020-01-27T08:29:32","date_gmt":"2020-01-27T05:29:32","guid":{"rendered":"https:\/\/demosites.io\/web-agency-gb\/?page_id=75"},"modified":"2021-01-10T21:10:07","modified_gmt":"2021-01-10T18:10:07","slug":"d41d8-web-agency-gb-contact-us","status":"publish","type":"page","link":"https:\/\/uzmanmakine.com.tr\/index.php\/d41d8-web-agency-gb-contact-us","title":{"rendered":"\u0130leti\u015fim"},"content":{"rendered":"\n<div class=\"wp-block-image is-style-default\"><figure class=\"aligncenter size-large\"><img decoding=\"async\" loading=\"lazy\" width=\"1024\" height=\"312\" src=\"http:\/\/uzmanmakine.com.tr\/wp-content\/uploads\/2020\/11\/uzman-turbo-iletisim-garret-turbo-holset-turbo-Borgwarner-turbo-turbolader-schwitzer-turbo-ihi-turbo-mitsubishi-turbo-1024x312.jpg\" alt=\"\" class=\"wp-image-153\" srcset=\"https:\/\/uzmanmakine.com.tr\/wp-content\/uploads\/2020\/11\/uzman-turbo-iletisim-garret-turbo-holset-turbo-Borgwarner-turbo-turbolader-schwitzer-turbo-ihi-turbo-mitsubishi-turbo-1024x312.jpg 1024w, https:\/\/uzmanmakine.com.tr\/wp-content\/uploads\/2020\/11\/uzman-turbo-iletisim-garret-turbo-holset-turbo-Borgwarner-turbo-turbolader-schwitzer-turbo-ihi-turbo-mitsubishi-turbo-300x92.jpg 300w, https:\/\/uzmanmakine.com.tr\/wp-content\/uploads\/2020\/11\/uzman-turbo-iletisim-garret-turbo-holset-turbo-Borgwarner-turbo-turbolader-schwitzer-turbo-ihi-turbo-mitsubishi-turbo-768x234.jpg 768w, https:\/\/uzmanmakine.com.tr\/wp-content\/uploads\/2020\/11\/uzman-turbo-iletisim-garret-turbo-holset-turbo-Borgwarner-turbo-turbolader-schwitzer-turbo-ihi-turbo-mitsubishi-turbo.jpg 1400w\" sizes=\"(max-width: 1024px) 100vw, 1024px\" \/><\/figure><\/div>\n\n\n\n<div class=\"wp-block-themeisle-blocks-advanced-columns alignfull has-3-columns has-desktop-equal-layout has-tablet-equal-layout has-mobile-collapsedRows-layout has-wide-gap has-vertical-center\" id=\"wp-block-themeisle-blocks-advanced-columns-7fc71252\"><div class=\"wp-block-themeisle-blocks-advanced-columns-overlay\"><\/div><div class=\"innerblocks-wrap\">\n<div class=\"wp-block-themeisle-blocks-advanced-column\" id=\"wp-block-themeisle-blocks-advanced-column-4222fa19\">\n<div class=\"wp-block-themeisle-blocks-service\">\n<p class=\"wp-block-themeisle-blocks-font-awesome-icons\" id=\"wp-block-themeisle-blocks-font-awesome-icons-47abc389\"><span class=\"wp-block-themeisle-blocks-font-awesome-icons-container\"><i class=\"fas fa-phone\"><\/i><\/span><\/p>\n\n\n\n<h3 id=\"wp-block-themeisle-blocks-advanced-heading-5f6615dd\" class=\"wp-block-themeisle-blocks-advanced-heading wp-block-themeisle-blocks-advanced-heading-5f6615dd\">Bizi aray\u0131n<\/h3>\n\n\n\n<p id=\"wp-block-themeisle-blocks-advanced-heading-c60fc8d3\" class=\"wp-block-themeisle-blocks-advanced-heading wp-block-themeisle-blocks-advanced-heading-c60fc8d3\">0216 354 35 35<br>0216 491 81 81<br>0216 491 56 56<\/p>\n<\/div>\n<\/div>\n\n\n\n<div class=\"wp-block-themeisle-blocks-advanced-column\" id=\"wp-block-themeisle-blocks-advanced-column-20906b27\">\n<p class=\"wp-block-themeisle-blocks-font-awesome-icons\" id=\"wp-block-themeisle-blocks-font-awesome-icons-00097896\"><span class=\"wp-block-themeisle-blocks-font-awesome-icons-container\"><i class=\"far fa-envelope\"><\/i><\/span><\/p>\n\n\n\n<h3 id=\"wp-block-themeisle-blocks-advanced-heading-287a18f4\" class=\"wp-block-themeisle-blocks-advanced-heading wp-block-themeisle-blocks-advanced-heading-287a18f4\">E-mail<\/h3>\n\n\n\n<p id=\"wp-block-themeisle-blocks-advanced-heading-5ca9de61\" class=\"wp-block-themeisle-blocks-advanced-heading wp-block-themeisle-blocks-advanced-heading-5ca9de61\">iletisim@uzmanturbo.com<br><\/p>\n<\/div>\n\n\n\n<div class=\"wp-block-themeisle-blocks-advanced-column\" id=\"wp-block-themeisle-blocks-advanced-column-363f7fe1\">\n<p class=\"wp-block-themeisle-blocks-font-awesome-icons\" id=\"wp-block-themeisle-blocks-font-awesome-icons-a04fb106\"><span class=\"wp-block-themeisle-blocks-font-awesome-icons-container\"><i class=\"fas fa-location-arrow\"><\/i><\/span><\/p>\n\n\n\n<h3 id=\"wp-block-themeisle-blocks-advanced-heading-93e3e1a1\" class=\"wp-block-themeisle-blocks-advanced-heading wp-block-themeisle-blocks-advanced-heading-93e3e1a1\">Adres<\/h3>\n\n\n\n<p id=\"wp-block-themeisle-blocks-advanced-heading-3ec19926\" class=\"wp-block-themeisle-blocks-advanced-heading wp-block-themeisle-blocks-advanced-heading-3ec19926\">Bah\u00e7elievler, K\u0131nal\u0131 Murat Sk 2 B, <br>34893 Pendik\/\u0130stanbul<\/p>\n<\/div>\n<\/div><\/div>\n\n\n\n<iframe loading=\"lazy\" src=\"https:\/\/www.google.com\/maps\/embed?pb=!1m18!1m12!1m3!1d3016.269987540321!2d29.233253116131923!3d40.88789213477177!2m3!1f0!2f0!3f0!3m2!1i1024!2i768!4f13.1!3m3!1m2!1s0x14cadb55a4752c3b%3A0x576479843e018903!2sUzman%20Makine%20Turbo%20Yedek%20Par%C3%A7a%20ve%20Servisi%20Ltd.%C5%9Eti.!5e0!3m2!1str!2str!4v1610300980441!5m2!1str!2str\" width=\"1150\" height=\"600\" frameborder=\"0\" style=\"border:0;\" allowfullscreen=\"\" aria-hidden=\"false\" tabindex=\"0\"><\/iframe>\n\n\n\n<p><\/p>\n","protected":false},"excerpt":{"rendered":"","protected":false},"author":1,"featured_media":0,"parent":0,"menu_order":0,"comment_status":"closed","ping_status":"closed","template":"","meta":{"neve_meta_sidebar":"","neve_meta_container":"","neve_meta_enable_content_width":"","neve_meta_content_width":0,"neve_meta_title_alignment":"","neve_meta_author_avatar":"","neve_post_elements_order":"","neve_meta_disable_header":"","neve_meta_disable_footer":"","neve_meta_disable_title":"","_themeisle_gutenberg_block_has_review":false,"footnotes":""},"_links":{"self":[{"href":"https:\/\/uzmanmakine.com.tr\/index.php\/wp-json\/wp\/v2\/pages\/75"}],"collection":[{"href":"https:\/\/uzmanmakine.com.tr\/index.php\/wp-json\/wp\/v2\/pages"}],"about":[{"href":"https:\/\/uzmanmakine.com.tr\/index.php\/wp-json\/wp\/v2\/types\/page"}],"author":[{"embeddable":true,"href":"https:\/\/uzmanmakine.com.tr\/index.php\/wp-json\/wp\/v2\/users\/1"}],"replies":[{"embeddable":true,"href":"https:\/\/uzmanmakine.com.tr\/index.php\/wp-json\/wp\/v2\/comments?post=75"}],"version-history":[{"count":22,"href":"https:\/\/uzmanmakine.com.tr\/index.php\/wp-json\/wp\/v2\/pages\/75\/revisions"}],"predecessor-version":[{"id":288,"href":"https:\/\/uzmanmakine.com.tr\/index.php\/wp-json\/wp\/v2\/pages\/75\/revisions\/288"}],"wp:attachment":[{"href":"https:\/\/uzmanmakine.com.tr\/index.php\/wp-json\/wp\/v2\/media?parent=75"}],"curies":[{"name":"wp","href":"https:\/\/api.w.org\/{rel}","templated":true}]}}